{"id":182,"date":"2023-07-09T14:26:52","date_gmt":"2023-07-09T12:26:52","guid":{"rendered":"https:\/\/wp.enigame.de\/?page_id=182"},"modified":"2024-09-05T12:34:45","modified_gmt":"2024-09-05T10:34:45","slug":"impressum","status":"publish","type":"page","link":"https:\/\/enigame.de\/business\/impressum\/","title":{"rendered":"Impressum"},"content":{"rendered":"\n<p class=\"has-body-color has-text-color has-tiny-plus-font-size\">enigame GmbH<br>Riemerfeldring 5<br>85748 Garching b. M\u00fcnchen<\/p>\n\n\n\n<p class=\"has-body-color has-text-color has-tiny-plus-font-size\">info@enigame.de<br>+49 89 24882517<\/p>\n\n\n\n<h6 class=\"wp-block-heading has-primary-color has-text-color\" style=\"font-style:normal;font-weight:100\">Vertretungsberechtigte<\/h6>\n\n\n\n<p class=\"has-body-color has-text-color has-tiny-plus-font-size\">Dr. Benedict Dingfelder<br>Prof. Dr. Tim Hoffmann<br>Dr. Katharina Schaar<br>Leonard Schlag<br>Dr. Georg Wechslberger<\/p>\n\n\n\n<h6 class=\"wp-block-heading has-primary-color has-text-color\" style=\"font-style:normal;font-weight:100\">Handelsregister<\/h6>\n\n\n\n<p class=\"has-body-color has-text-color has-tiny-plus-font-size\">Umsatzsteueridentifikationsnummer: DE361648623<br>Handelsregister B des Amtsgerichts M\u00fcnchen<br>Registernummer: HRB 284415<\/p>\n\n\n\n<h6 class=\"wp-block-heading has-primary-color has-text-color\" style=\"font-style:normal;font-weight:100\">Streitschlichtung<\/h6>\n\n\n\n<p class=\"has-body-color has-text-color has-tiny-plus-font-size\">Die Europ\u00e4ische Kommission stellt eine Plattform zur Online-Streitbeilegung (OS) bereit:<br>https:\/\/ec.europa.eu\/consumers\/odr.<br>Wir sind nicht bereit oder verpflichtet, an Streitbeilegungsverfahren vor einer Verbraucherschlichtungsstelle teilzunehmen.<\/p>\n\n\n\n<h6 class=\"wp-block-heading has-primary-color has-text-color\" style=\"font-style:normal;font-weight:100\">Bildnachweis<\/h6>\n\n\n\n<p class=\"has-body-color has-text-color has-tiny-plus-font-size\">Sofern keine weiteren Angaben zu den Bildern angegeben sind, gelten folgende Quellen: <\/p>\n\n\n\n<p class=\"has-body-color has-text-color has-tiny-plus-font-size\">enigame GmbH<\/p>\n\n\n\n<h6 class=\"wp-block-heading has-primary-color has-text-color\" style=\"font-style:normal;font-weight:100\">Verantwortlich f\u00fcr den Inhalt<\/h6>\n\n\n\n<p class=\"has-body-color has-text-color has-tiny-plus-font-size\">enigame GmbH<\/p>\n\n\n\n<h2 class=\"wp-block-heading\">Haftungsausschluss<\/h2>\n\n\n\n<h6 class=\"wp-block-heading has-primary-color has-text-color\" style=\"font-style:normal;font-weight:100\">Haftung f\u00fcr Inhalte<\/h6>\n\n\n\n<p class=\"has-body-color has-text-color has-tiny-plus-font-size\">Die Inhalte unserer Seiten wurden mit gr\u00f6\u00dfter Sorgfalt erstellt. F\u00fcr die Richtigkeit, Vollst\u00e4ndigkeit und Aktualit\u00e4t der Inhalte k\u00f6nnen wir jedoch keine Gew\u00e4hr \u00fcbernehmen. Als Diensteanbieter sind wir gem\u00e4\u00df \u00a7 7 Abs. 1 TMG f\u00fcr eigene Inhalte auf diesen Seiten nach den allgemeinen Gesetzen verantwortlich. Nach \u00a7\u00a7 8 bis 10 TMG sind wir als Diensteanbieter jedoch nicht verpflichtet, \u00fcbermittelte oder gespeicherte fremde Informationen zu \u00fcberwachen oder nach Umst\u00e4nden zu forschen, die auf eine rechtswidrige T\u00e4tigkeit hinweisen. Verpflichtungen zur Entfernung oder Sperrung der Nutzung von Informationen nach den allgemeinen Gesetzen bleiben hiervon unber\u00fchrt. Eine diesbez\u00fcgliche Haftung ist jedoch erst ab dem Zeitpunkt der Kenntnis einer konkreten Rechtsverletzung m\u00f6glich. Bei Bekanntwerden von entsprechenden Rechtsverletzungen werden wir diese Inhalte umgehend entfernen.<\/p>\n\n\n\n<h6 class=\"wp-block-heading has-primary-color has-text-color\" style=\"font-style:normal;font-weight:100\">Haftung f\u00fcr Links<\/h6>\n\n\n\n<p class=\"has-body-color has-text-color has-tiny-plus-font-size\">Unser Angebot enth\u00e4lt Links zu externen Webseiten Dritter, auf deren Inhalte wir keinen Einfluss haben. Deshalb k\u00f6nnen wir f\u00fcr diese fremden Inhalte auch keine Gew\u00e4hr \u00fcbernehmen. F\u00fcr die Inhalte der verlinkten Seiten ist stets der jeweilige Anbieter oder Betreiber der Seiten verantwortlich. Die verlinkten Seiten wurden zum Zeitpunkt der Verlinkung auf m\u00f6gliche Rechtsverst\u00f6\u00dfe \u00fcberpr\u00fcft. Rechtswidrige Inhalte waren zum Zeitpunkt der Verlinkung nicht erkennbar. Eine permanente inhaltliche Kontrolle der verlinkten Seiten ist jedoch ohne konkrete Anhaltspunkte einer Rechtsverletzung nicht zumutbar. Bei Bekanntwerden von Rechtsverletzungen werden wir derartige Links umgehend entfernen.<\/p>\n\n\n\n<h6 class=\"wp-block-heading has-primary-color has-text-color\" style=\"font-style:normal;font-weight:100\">Urheberrecht<\/h6>\n\n\n\n<p class=\"has-body-color has-text-color has-tiny-plus-font-size\">Die durch die Seitenbetreiber erstellten Inhalte und Werke auf diesen Seiten unterliegen dem deutschen Urheberrecht. Die Vervielf\u00e4ltigung, Bearbeitung, Verbreitung und jede Art der Verwertung au\u00dferhalb der Grenzen des Urheberrechtes bed\u00fcrfen der schriftlichen Zustimmung des jeweiligen Autors bzw. Erstellers. Downloads und Kopien dieser Seite sind nur f\u00fcr den privaten, nicht kommerziellen Gebrauch gestattet. Soweit die Inhalte auf dieser Seite nicht vom Betreiber erstellt wurden, werden die Urheberrechte Dritter beachtet. Insbesondere werden Inhalte Dritter als solche gekennzeichnet. Sollten Sie trotzdem auf eine Urheberrechtsverletzung aufmerksam werden, bitten wir um einen entsprechenden Hinweis. Bei Bekanntwerden von Rechtsverletzungen werden wir derartige Inhalte umgehend entfernen.<\/p>\n","protected":false},"excerpt":{"rendered":"<p>enigame GmbHRiemerfeldring 585748 Garching b. M\u00fcnchen info@enigame.de+49 89 24882517 Vertretungsberechtigte Dr. Benedict DingfelderProf. Dr. Tim HoffmannDr. Katharina SchaarLeonard SchlagDr. Georg Wechslberger Handelsregister Umsatzsteueridentifikationsnummer: DE361648623Handelsregister B des Amtsgerichts M\u00fcnchenRegisternummer: HRB 284415 Streitschlichtung Die Europ\u00e4ische Kommission stellt eine Plattform zur Online-Streitbeilegung (OS) bereit:https:\/\/ec.europa.eu\/consumers\/odr.Wir sind nicht bereit oder verpflichtet, an Streitbeilegungsverfahren vor einer Verbraucherschlichtungsstelle teilzunehmen. Bildnachweis Sofern keine [&hellip;]<\/p>\n","protected":false},"author":5,"featured_media":0,"parent":7,"menu_order":0,"comment_status":"closed","ping_status":"closed","template":"wp-custom-template-page-with-title","meta":{"footnotes":""},"class_list":["post-182","page","type-page","status-publish","hentry"],"featured_image_src":"","featured_image_src_square":false,"rbea_author_info":{"display_name":"orion","author_link":"https:\/\/enigame.de\/business\/author\/orionenigame-de\/"},"rbea_excerpt_info":"enigame GmbHRiemerfeldring 585748 Garching b. M\u00fcnchen info@enigame.de+49 89 24882517 Vertretungsberechtigte Dr. Benedict DingfelderProf. Dr. Tim HoffmannDr. Katharina SchaarLeonard SchlagDr. Georg Wechslberger Handelsregister Umsatzsteueridentifikationsnummer: DE361648623Handelsregister B des Amtsgerichts M\u00fcnchenRegisternummer: HRB 284415 Streitschlichtung Die Europ\u00e4ische Kommission stellt eine Plattform zur Online-Streitbeilegung (OS) bereit:https:\/\/ec.europa.eu\/consumers\/odr.Wir sind nicht bereit oder verpflichtet, an Streitbeilegungsverfahren vor einer Verbraucherschlichtungsstelle teilzunehmen. Bildnachweis Sofern keine [&hellip;]","_links":{"self":[{"href":"https:\/\/enigame.de\/business\/wp-json\/wp\/v2\/pages\/182","targetHints":{"allow":["GET"]}}],"collection":[{"href":"https:\/\/enigame.de\/business\/wp-json\/wp\/v2\/pages"}],"about":[{"href":"https:\/\/enigame.de\/business\/wp-json\/wp\/v2\/types\/page"}],"author":[{"embeddable":true,"href":"https:\/\/enigame.de\/business\/wp-json\/wp\/v2\/users\/5"}],"replies":[{"embeddable":true,"href":"https:\/\/enigame.de\/business\/wp-json\/wp\/v2\/comments?post=182"}],"version-history":[{"count":9,"href":"https:\/\/enigame.de\/business\/wp-json\/wp\/v2\/pages\/182\/revisions"}],"predecessor-version":[{"id":520,"href":"https:\/\/enigame.de\/business\/wp-json\/wp\/v2\/pages\/182\/revisions\/520"}],"up":[{"embeddable":true,"href":"https:\/\/enigame.de\/business\/wp-json\/wp\/v2\/pages\/7"}],"wp:attachment":[{"href":"https:\/\/enigame.de\/business\/wp-json\/wp\/v2\/media?parent=182"}],"curies":[{"name":"wp","href":"https:\/\/api.w.org\/{rel}","templated":true}]}}