{"id":189,"date":"2023-07-09T14:44:47","date_gmt":"2023-07-09T12:44:47","guid":{"rendered":"https:\/\/wp.enigame.de\/?page_id=189"},"modified":"2024-01-07T17:41:11","modified_gmt":"2024-01-07T16:41:11","slug":"datenschutz","status":"publish","type":"page","link":"https:\/\/enigame.de\/business\/datenschutz\/","title":{"rendered":"Datenschutz"},"content":{"rendered":"\n<h5 class=\"wp-block-heading\" style=\"font-style:normal;font-weight:100\"><mark style=\"background-color:rgba(0, 0, 0, 0)\" class=\"has-inline-color has-primary-color\">Allgemeines<\/mark><\/h5>\n\n\n\n<h6 class=\"wp-block-heading\" style=\"font-style:normal;font-weight:100\"><mark style=\"background-color:rgba(0, 0, 0, 0)\" class=\"has-inline-color has-primary-color\">Verantwortliche Stelle<\/mark><\/h6>\n\n\n\n<p class=\"has-body-alt-color has-text-color has-link-color has-tiny-plus-font-size wp-elements-9127234f3fa63ef7109ee0441ad6fec1\"><mark style=\"background-color:rgba(0, 0, 0, 0)\" class=\"has-inline-color has-body-alt-color\">enigame<\/mark> GmbH<br>Riemerfeldring 5<br>85748 Garching b. M\u00fcnchen<br><br>info@enigame.de<br>+49 89 24882517<\/p>\n\n\n\n<h6 class=\"wp-block-heading\" style=\"font-style:normal;font-weight:100\"><mark style=\"background-color:rgba(0, 0, 0, 0)\" class=\"has-inline-color has-primary-color\">Vertretungsberechtigte<\/mark><\/h6>\n\n\n\n<p class=\"has-body-alt-color has-text-color has-link-color has-tiny-plus-font-size wp-elements-74d1c5e4aae4f6ea0609c2c059953205\">Dr. Benedict Dingfelder<br>Prof. Dr. Tim Hoffmann<br>Dr. Katharina Schaar<br>Leonard Schlag<br>Dr. Georg Wechslberger<\/p>\n\n\n\n<h6 class=\"wp-block-heading\" style=\"font-style:normal;font-weight:100\"><mark style=\"background-color:rgba(0, 0, 0, 0)\" class=\"has-inline-color has-primary-color\">Handelsregister<\/mark><\/h6>\n\n\n\n<p class=\"has-body-alt-color has-text-color has-link-color has-tiny-plus-font-size wp-elements-62b21aee4fb9258f05a6a0e3a869b1d0\">Umsatzsteueridentifikationsnummer: DE361648623<br>Handelsregister B des Amtsgerichts M\u00fcnchen<br>Registernummer: HRB 284415<\/p>\n\n\n\n<p class=\"has-body-alt-color has-text-color has-link-color has-tiny-plus-font-size wp-elements-10e44e75707e63ba4a62886add49606c\">Die Betreiber dieser Seiten nehmen den Schutz Ihrer pers\u00f6nlichen Daten sehr ernst. Wir behandeln Ihre personenbezogenen Daten vertraulich und entsprechend der gesetzlichen Datenschutzvorschriften sowie dieser Datenschutzerkl\u00e4rung.<\/p>\n\n\n\n<h5 class=\"wp-block-heading has-primary-color has-text-color\" style=\"font-style:normal;font-weight:100\">Grundlegendes<\/h5>\n\n\n\n<p class=\"has-body-color has-text-color has-tiny-plus-font-size\">Diese Datenschutzerkl\u00e4rung soll die Nutzer dieser Website \u00fcber die Art, den Umfang und den Zweck der Erhebung und Verwendung personenbezogener Daten durch den Websitebetreiber enigame informieren.<br>Da durch neue Technologien und die st\u00e4ndige Weiterentwicklung dieser Webseite \u00c4nderungen an dieser Datenschutzerkl\u00e4rung vorgenommen werden k\u00f6nnen, empfehlen wir Ihnen, sich die Datenschutzerkl\u00e4rung in regelm\u00e4\u00dfigen Abst\u00e4nden wieder durchzulesen. Definitionen der verwendeten Begriffe (z.\u00a0B. \u201epersonenbezogene Daten\u201c oder \u201eVerarbeitung\u201c) finden Sie in Art. 4 DSGVO.<\/p>\n\n\n\n<h5 class=\"wp-block-heading has-primary-color has-text-color\" style=\"font-style:normal;font-weight:100\">Zweck und Rechtsgrundlage der Datenverarbeitung<\/h5>\n\n\n\n<p class=\"has-body-color has-text-color has-tiny-plus-font-size\">Zweck der Verarbeitung personenbezogener Daten ist der Betrieb dieses Internetauftritts. Eine Verarbeitung personenbezogener Daten (IP-Adresse) erfolgt nur, soweit dies zum Zweck des Betriebs des Internetauftritts einschlie\u00dflich dessen Sicherstellung erforderlich ist.<br>Rechtsgrundlage f\u00fcr die Verarbeitung personenbezogener Daten sind Art. 6 Abs. 1 Buchst. e, Abs. 2 und 3 DSGVO und Art. 4 Abs. 1 des Bayerischen Datenschutzgesetzes (BayDSG).<\/p>\n\n\n\n<h5 class=\"wp-block-heading has-primary-color has-text-color\" style=\"font-style:normal;font-weight:100\">Technische Umsetzung<\/h5>\n\n\n\n<p class=\"has-body-color has-text-color has-tiny-plus-font-size\">Wenn Sie diese oder andere Internetseiten aufrufen, \u00fcbermitteln Sie \u00fcber Ihren Internetbrowser Daten an unseren Webserver. Wir nutzen f\u00fcr unsere Website Hetzner, ein Anbieter f\u00fcr Webhosting. Dienstanbieter ist das deutsche Unternehmen Hetzner Online GmbH, Industriestra\u00dfe 25, 91710 Gunzenhausen.<br>Mehr \u00fcber die Daten, die durch die Verwendung des Hosting der Hetzner Online GmbH verarbeitet werden, erfahren Sie in der Datenschutzerkl\u00e4rung auf https:\/\/www.hetzner.com\/de\/legal\/privacy-policy. <br><br>Bei jedem Zugriff auf Seiten unserer Webpr\u00e4senzen speichern die Webserver folgende Informationen tempor\u00e4r in Logdateien<\/p>\n\n\n\n<ul class=\"has-tiny-plus-font-size wp-block-list\">\n<li class=\"has-tiny-plus-font-size\">IP-Adresse des anfragenden Rechners<\/li>\n\n\n\n<li class=\"has-tiny-plus-font-size\">Datum und Uhrzeit des Zugriffs<\/li>\n\n\n\n<li class=\"has-tiny-plus-font-size\">Name, URL und \u00fcbertragene Datenmenge der abgerufenen Datei<\/li>\n\n\n\n<li class=\"has-tiny-plus-font-size\">Zugriffsstatus (angeforderte Datei \u00fcbertragen, nicht gefunden etc.)<\/li>\n\n\n\n<li>Erkennungsdaten des verwendeten Browser- und Betriebssystems (sofern vom anfragenden Webbrowser \u00fcbermittelt)<\/li>\n\n\n\n<li>Webseite, von der aus der Zugriff erfolgte (sofern vom anfragenden Webbrowser \u00fcbermittelt)<\/li>\n<\/ul>\n\n\n\n<p class=\"has-body-color has-text-color has-tiny-plus-font-size\">Die Verarbeitung der Daten in dieser Logdatei geschieht wie folgt:<\/p>\n\n\n\n<ul class=\"has-tiny-plus-font-size wp-block-list\">\n<li class=\"has-tiny-plus-font-size\">Die Logeintr\u00e4ge werden kontinuierlich automatisch ausgewertet, um Angriffe auf die Webserver erkennen und entsprechend reagieren zu k\u00f6nnen.<\/li>\n\n\n\n<li>In Einzelf\u00e4llen, d. h. bei gemeldeten St\u00f6rungen, Fehlern und Sicherheitsvorf\u00e4llen, erfolgt eine manuelle Analyse.<\/li>\n\n\n\n<li>Logeintr\u00e4ge, die \u00e4lter als sieben Tage sind, werden durch K\u00fcrzung der IP-Adresse anonymisiert.<\/li>\n<\/ul>\n\n\n\n<p class=\"has-body-color has-text-color has-tiny-plus-font-size\">Die in den Logeintr\u00e4gen enthaltenen IP-Adressen werden von der enigame GmbH nicht mit anderen Datenbest\u00e4nden zusammengef\u00fchrt, sodass kein R\u00fcckschluss auf einzelne Personen m\u00f6glich ist.<br>Die Logeintr\u00e4ge werden nach 21 Tagen automatisch gel\u00f6scht.<\/p>\n\n\n\n<h5 class=\"wp-block-heading has-primary-color has-text-color\" style=\"font-style:normal;font-weight:100\">Cookies<\/h5>\n\n\n\n<p class=\"has-body-color has-text-color has-tiny-plus-font-size\">Um den Funktionsumfang unseres Internetangebotes zu erweitern und die Nutzung f\u00fcr Sie komfortabler zu gestalten, verwenden wir zum Teil so genannte \u201eCookies\u201c. Wir verwenden ausschlie\u00dflich technisch notwendige Cookies. Mit Hilfe dieser Cookies k\u00f6nnen beim Aufruf unserer Webseite Daten auf Ihrem Rechner gespeichert werden. Sie k\u00f6nnen jedoch Ihren Browser so einstellen, dass Cookies nur f\u00fcr die Dauer der jeweiligen Verbindung zum Internet gespeichert werden.<\/p>\n\n\n\n<h5 class=\"wp-block-heading has-primary-color has-text-color\" style=\"font-style:normal;font-weight:100\">Erfassung und Verarbeitung personenbezogener Daten<\/h5>\n\n\n\n<p class=\"has-body-color has-text-color has-tiny-plus-font-size\">Als personenbezogene Daten gelten s\u00e4mtliche Informationen, die dazu dienen, Ihre Person zu bestimmen und die zu Ihnen zur\u00fcckverfolgt werden k\u00f6nnen \u2013 also beispielsweise Ihr Name, Ihre E-Mail-Adresse und Telefonnummer.<br>Die Nutzung unserer Website ist in der Regel ohne Angabe personenbezogener Daten m\u00f6glich. Soweit auf unseren Seiten personenbezogene Daten erhoben werden, erfolgt dies, soweit m\u00f6glich, stets auf freiwilliger Basis. Diese Daten werden ohne Ihre ausdr\u00fcckliche Zustimmung nicht an Dritte weitergegeben.<br>Sie k\u00f6nnen beim Anlegen eines User-Accounts eine E-Mail-Adresse hinterlegen. Die Angabe der E-Mail-Adresse ist freiwillig und dient ausschlie\u00dflich dazu, den User-Account zu reaktivieren, falls Sie Ihr Passwort vergessen sollten. Wir werden die E-Mail-Adresse nicht an Dritte weitergegeben und nicht f\u00fcr den Versand von Werbung, Ank\u00fcndigungen oder sonstigen Informationen verwenden.<br>Wir weisen darauf hin, dass die Daten\u00fcbertragung im Internet (z.\u00a0B. bei der Kommunikation per E-Mail) Sicherheitsl\u00fccken aufweisen kann. Ein l\u00fcckenloser Schutz der Daten vor dem Zugriff durch Dritte ist nicht m\u00f6glich.<br>Sollten Sie uns via Kontaktformular benachrichtigen, speichern wir Ihre eingegebenen Daten innerhalb der gesetzlich vorgesehenen Fristen, um eine Antwort vornehmen zu k\u00f6nnen.<\/p>\n\n\n\n<h5 class=\"wp-block-heading has-primary-color has-text-color\" style=\"font-style:normal;font-weight:100\">Rechte des Nutzers<\/h5>\n\n\n\n<p class=\"has-body-color has-text-color has-tiny-plus-font-size\">Sie haben als Nutzer das Recht, auf Antrag eine kostenlose Auskunft dar\u00fcber zu erhalten, welche personenbezogenen Daten \u00fcber Sie gespeichert wurden. Sie haben au\u00dferdem das Recht auf Berichtigung falscher Daten und auf die Verarbeitungseinschr\u00e4nkung oder L\u00f6schung Ihrer personenbezogenen Daten. Falls zutreffend, k\u00f6nnen Sie auch Ihr Recht auf Datenportabilit\u00e4t geltend machen. Sollten Sie annehmen, dass Ihre Daten unrechtm\u00e4\u00dfig verarbeitet wurden, k\u00f6nnen Sie eine Beschwerde bei der zust\u00e4ndigen Aufsichtsbeh\u00f6rde einreichen.<\/p>\n\n\n\n<h5 class=\"wp-block-heading has-primary-color has-text-color\" style=\"font-style:normal;font-weight:100\">L\u00f6schung von Daten<\/h5>\n\n\n\n<p class=\"has-body-color has-text-color has-tiny-plus-font-size\">Sofern Ihr Wunsch nicht mit einer gesetzlichen Pflicht zur Aufbewahrung von Daten (z.&nbsp;B. Vorratsdatenspeicherung) kollidiert, haben Sie ein Anrecht auf L\u00f6schung Ihrer Daten. Von uns gespeicherte Daten werden, sollten sie f\u00fcr ihre Zweckbestimmung nicht mehr vonn\u00f6ten sein und sollte es keine gesetzlichen Aufbewahrungsfristen geben, gel\u00f6scht. Falls eine L\u00f6schung nicht durchgef\u00fchrt werden kann, da die Daten f\u00fcr zul\u00e4ssige gesetzliche Zwecke erforderlich sind, erfolgt eine Einschr\u00e4nkung der Datenverarbeitung. In diesem Fall werden die Daten gesperrt und nicht f\u00fcr andere Zwecke verarbeitet.<\/p>\n\n\n\n<h5 class=\"wp-block-heading has-primary-color has-text-color\" style=\"font-style:normal;font-weight:100\">Widerspruchsrecht<\/h5>\n\n\n\n<p class=\"has-body-color has-text-color has-tiny-plus-font-size\">Nutzer dieser Website k\u00f6nnen von ihrem Widerspruchsrecht Gebrauch machen und der Verarbeitung ihrer personenbezogenen Daten zu jeder Zeit widersprechen. Wenn Sie eine Berichtigung, Sperrung, L\u00f6schung oder Auskunft \u00fcber die zu Ihrer Person gespeicherten personenbezogenen Daten w\u00fcnschen oder Fragen bzgl. der Erhebung, Verarbeitung oder Verwendung Ihrer personenbezogenen Daten haben oder erteilte Einwilligungen widerrufen m\u00f6chten, wenden Sie sich bitte an folgende E-Mail-Adresse: <a href=\"mailto:info@enigame.de\">info@enigame.de<\/a>.<\/p>\n\n\n\n<h5 class=\"wp-block-heading has-primary-color has-text-color\" style=\"font-style:normal;font-weight:100\">Verwendung eines Live-Chat-Systems<\/h5>\n\n\n\n<p class=\"has-body-color has-text-color has-tiny-plus-font-size\">Zur Echtzeitkommunikation w\u00e4hrend eines laufenden Events nutzen wir Dienste des Portals Discord. Anbieter ist die Hammer &amp; Chisel Inc., 1901 South Bascom Avenue, Campbell 95008, USA.<br>Es bleibt Ihnen \u00fcberlassen, ob Sie \u00fcber Discord mit uns in Kontakt treten m\u00f6chten. Die Nutzung von Discord ist nicht notwendig, um die R\u00e4tsel l\u00f6sen zu k\u00f6nnen, und alle Funktionen unserer Website sind auch ohne die Verwendung von Discord nutzbar.<br>Wenn Sie sich dazu entschlie\u00dfen, Discord zu nutzen, wird eine Verbindung zu den Servern von Discord hergestellt. Dabei wird dem Discord-Server mitgeteilt, welche unserer Seiten Sie besucht haben. Zudem erlangt Discord Ihre IP-Adresse. Dies gilt auch dann, wenn Sie nicht bei Discord eingeloggt sind oder keinen Account bei Discord besitzen. Die von Discord erfassten Informationen werden an den Discord-Server in den USA \u00fcbermittelt.<br>Wenn Sie in Ihrem Discord-Account eingeloggt sind, erm\u00f6glichen Sie Discord, Ihr Surfverhalten direkt Ihrem pers\u00f6nlichen Profil zuzuordnen. Dies k\u00f6nnen Sie verhindern, indem Sie sich aus Ihrem Discord-Account ausloggen.<br>Wenn Sie eine Nachricht \u00fcber Discord senden, wird diese inklusive Ihres Benutzernamens und Avatars an die Discord-Server in den USA \u00fcbermittelt.<br>Weitere Informationen zum Umgang mit Nutzerdaten finden Sie in der Datenschutzerkl\u00e4rung von Discord unter: https:\/\/discordapp.com\/privacy.<\/p>\n","protected":false},"excerpt":{"rendered":"<p>Allgemeines Verantwortliche Stelle enigame GmbHRiemerfeldring 585748 Garching b. M\u00fcnchen info@enigame.de+49 89 24882517 Vertretungsberechtigte Dr. Benedict DingfelderProf. Dr. Tim HoffmannDr. Katharina SchaarLeonard SchlagDr. Georg Wechslberger Handelsregister Umsatzsteueridentifikationsnummer: DE361648623Handelsregister B des Amtsgerichts M\u00fcnchenRegisternummer: HRB 284415 Die Betreiber dieser Seiten nehmen den Schutz Ihrer pers\u00f6nlichen Daten sehr ernst. Wir behandeln Ihre personenbezogenen Daten vertraulich und entsprechend der gesetzlichen [&hellip;]<\/p>\n","protected":false},"author":5,"featured_media":0,"parent":7,"menu_order":0,"comment_status":"closed","ping_status":"closed","template":"","meta":{"footnotes":""},"class_list":["post-189","page","type-page","status-publish","hentry"],"featured_image_src":"","featured_image_src_square":false,"rbea_author_info":{"display_name":"orion","author_link":"https:\/\/enigame.de\/business\/author\/orionenigame-de\/"},"rbea_excerpt_info":"Allgemeines Verantwortliche Stelle enigame GmbHRiemerfeldring 585748 Garching b. M\u00fcnchen info@enigame.de+49 89 24882517 Vertretungsberechtigte Dr. Benedict DingfelderProf. Dr. Tim HoffmannDr. Katharina SchaarLeonard SchlagDr. Georg Wechslberger Handelsregister Umsatzsteueridentifikationsnummer: DE361648623Handelsregister B des Amtsgerichts M\u00fcnchenRegisternummer: HRB 284415 Die Betreiber dieser Seiten nehmen den Schutz Ihrer pers\u00f6nlichen Daten sehr ernst. Wir behandeln Ihre personenbezogenen Daten vertraulich und entsprechend der gesetzlichen [&hellip;]","_links":{"self":[{"href":"https:\/\/enigame.de\/business\/wp-json\/wp\/v2\/pages\/189","targetHints":{"allow":["GET"]}}],"collection":[{"href":"https:\/\/enigame.de\/business\/wp-json\/wp\/v2\/pages"}],"about":[{"href":"https:\/\/enigame.de\/business\/wp-json\/wp\/v2\/types\/page"}],"author":[{"embeddable":true,"href":"https:\/\/enigame.de\/business\/wp-json\/wp\/v2\/users\/5"}],"replies":[{"embeddable":true,"href":"https:\/\/enigame.de\/business\/wp-json\/wp\/v2\/comments?post=189"}],"version-history":[{"count":17,"href":"https:\/\/enigame.de\/business\/wp-json\/wp\/v2\/pages\/189\/revisions"}],"predecessor-version":[{"id":537,"href":"https:\/\/enigame.de\/business\/wp-json\/wp\/v2\/pages\/189\/revisions\/537"}],"up":[{"embeddable":true,"href":"https:\/\/enigame.de\/business\/wp-json\/wp\/v2\/pages\/7"}],"wp:attachment":[{"href":"https:\/\/enigame.de\/business\/wp-json\/wp\/v2\/media?parent=189"}],"curies":[{"name":"wp","href":"https:\/\/api.w.org\/{rel}","templated":true}]}}